{"id":3238,"date":"2022-12-02T02:44:26","date_gmt":"2022-12-02T01:44:26","guid":{"rendered":"https:\/\/www.kwadrat.io\/?page_id=3238"},"modified":"2022-12-02T02:53:56","modified_gmt":"2022-12-02T01:53:56","slug":"oferty-nieruchomosci","status":"publish","type":"page","link":"https:\/\/kwadrat.io\/uk\/oferty-nieruchomosci\/","title":{"rendered":"Oferty Nieruchomo\u015bci"},"content":{"rendered":"<div data-elementor-type=\"wp-page\" data-elementor-id=\"3238\" class=\"elementor elementor-3238\" data-elementor-post-type=\"page\">\n\t\t\t\t\t\t<section data-particle_enable=\"false\" data-particle-mobile-disabled=\"false\" class=\"elementor-section elementor-top-section elementor-element elementor-element-02a9c44 elementor-section-boxed elementor-section-height-default elementor-section-height-default wpr-particle-no wpr-jarallax-no wpr-parallax-no wpr-sticky-section-no\" data-id=\"02a9c44\" data-element_type=\"section\">\n\t\t\t\t\t\t<div class=\"elementor-container elementor-column-gap-default\">\n\t\t\t\t\t<div class=\"elementor-column elementor-col-100 elementor-top-column elementor-element elementor-element-a5516a1\" data-id=\"a5516a1\" data-element_type=\"column\">\n\t\t\t<div class=\"elementor-widget-wrap elementor-element-populated\">\n\t\t\t\t\t\t<div class=\"elementor-element elementor-element-80057a8 elementor-widget elementor-widget-shortcode\" data-id=\"80057a8\" data-element_type=\"widget\" data-widget_type=\"shortcode.default\">\n\t\t\t\t<div class=\"elementor-widget-container\">\n\t\t\t\t\t<div class=\"elementor-shortcode\">[asariwww typ=lista-ofert widok=bloczki ]<\/div>\n\t\t\t\t<\/div>\n\t\t\t\t<\/div>\n\t\t\t\t\t<\/div>\n\t\t<\/div>\n\t\t\t\t\t<\/div>\n\t\t<\/section>\n\t\t\t\t<\/div>","protected":false},"excerpt":{"rendered":"<p>[asariwww typ=lista-ofert widok=bloczki ]<\/p>","protected":false},"author":5,"featured_media":0,"parent":0,"menu_order":0,"comment_status":"closed","ping_status":"closed","template":"elementor_canvas","meta":{"footnotes":""},"acf":[],"yoast_head":"<!-- This site is optimized with the Yoast SEO plugin v21.5 - https:\/\/yoast.com\/wordpress\/plugins\/seo\/ -->\n<title>Oferty Nieruchomo\u015bci - Kwadrat - Nieruchomo\u015bci<\/title>\n<meta name=\"robots\" content=\"index, follow, max-snippet:-1, max-image-preview:large, max-video-preview:-1\" \/>\n<link rel=\"canonical\" href=\"https:\/\/kwadrat.io\/uk\/oferty-nieruchomosci\/\" \/>\n<meta property=\"og:locale\" content=\"uk_UA\" \/>\n<meta property=\"og:type\" content=\"article\" \/>\n<meta property=\"og:title\" content=\"Oferty Nieruchomo\u015bci - Kwadrat - Nieruchomo\u015bci\" \/>\n<meta property=\"og:description\" content=\"[asariwww typ=lista-ofert widok=bloczki ]\" \/>\n<meta property=\"og:url\" content=\"https:\/\/kwadrat.io\/uk\/oferty-nieruchomosci\/\" \/>\n<meta property=\"og:site_name\" content=\"Kwadrat - Nieruchomo\u015bci\" \/>\n<meta property=\"article:modified_time\" content=\"2022-12-02T01:53:56+00:00\" \/>\n<meta name=\"twitter:card\" content=\"summary_large_image\" \/>\n<meta name=\"twitter:label1\" content=\"Est. reading time\" \/>\n\t<meta name=\"twitter:data1\" content=\"4 minutes\" \/>\n<script type=\"application\/ld+json\" class=\"yoast-schema-graph\">{\"@context\":\"https:\/\/schema.org\",\"@graph\":[{\"@type\":\"WebPage\",\"@id\":\"https:\/\/kwadrat.io\/oferty-nieruchomosci\/\",\"url\":\"https:\/\/kwadrat.io\/oferty-nieruchomosci\/\",\"name\":\"Oferty Nieruchomo\u015bci - Kwadrat - Nieruchomo\u015bci\",\"isPartOf\":{\"@id\":\"https:\/\/kwadrat.io\/uk\/#website\"},\"datePublished\":\"2022-12-02T01:44:26+00:00\",\"dateModified\":\"2022-12-02T01:53:56+00:00\",\"breadcrumb\":{\"@id\":\"https:\/\/kwadrat.io\/oferty-nieruchomosci\/#breadcrumb\"},\"inLanguage\":\"uk\",\"potentialAction\":[{\"@type\":\"ReadAction\",\"target\":[\"https:\/\/kwadrat.io\/oferty-nieruchomosci\/\"]}]},{\"@type\":\"BreadcrumbList\",\"@id\":\"https:\/\/kwadrat.io\/oferty-nieruchomosci\/#breadcrumb\",\"itemListElement\":[{\"@type\":\"ListItem\",\"position\":1,\"name\":\"Strona g\u0142\u00f3wna\",\"item\":\"https:\/\/kwadrat.io\/\"},{\"@type\":\"ListItem\",\"position\":2,\"name\":\"Oferty Nieruchomo\u015bci\"}]},{\"@type\":\"WebSite\",\"@id\":\"https:\/\/kwadrat.io\/uk\/#website\",\"url\":\"https:\/\/kwadrat.io\/uk\/\",\"name\":\"Kwadrat - Nieruchomo\u015bci\",\"description\":\"Biuro nieruchomo\u015bci Otwock - zwi\u0119kszamy warto\u015b\u0107 nieruchomo\u015bci\",\"potentialAction\":[{\"@type\":\"SearchAction\",\"target\":{\"@type\":\"EntryPoint\",\"urlTemplate\":\"https:\/\/kwadrat.io\/uk\/?s={search_term_string}\"},\"query-input\":\"required name=search_term_string\"}],\"inLanguage\":\"uk\"}]}<\/script>\n<!-- \/ Yoast SEO plugin. -->","yoast_head_json":{"title":"Oferty Nieruchomo\u015bci - Kwadrat - Nieruchomo\u015bci","robots":{"index":"index","follow":"follow","max-snippet":"max-snippet:-1","max-image-preview":"max-image-preview:large","max-video-preview":"max-video-preview:-1"},"canonical":"https:\/\/kwadrat.io\/uk\/oferty-nieruchomosci\/","og_locale":"uk_UA","og_type":"article","og_title":"Oferty Nieruchomo\u015bci - Kwadrat - Nieruchomo\u015bci","og_description":"[asariwww typ=lista-ofert widok=bloczki ]","og_url":"https:\/\/kwadrat.io\/uk\/oferty-nieruchomosci\/","og_site_name":"Kwadrat - Nieruchomo\u015bci","article_modified_time":"2022-12-02T01:53:56+00:00","twitter_card":"summary_large_image","twitter_misc":{"Est. reading time":"4 minutes"},"schema":{"@context":"https:\/\/schema.org","@graph":[{"@type":"WebPage","@id":"https:\/\/kwadrat.io\/oferty-nieruchomosci\/","url":"https:\/\/kwadrat.io\/oferty-nieruchomosci\/","name":"Oferty Nieruchomo\u015bci - Kwadrat - Nieruchomo\u015bci","isPartOf":{"@id":"https:\/\/kwadrat.io\/uk\/#website"},"datePublished":"2022-12-02T01:44:26+00:00","dateModified":"2022-12-02T01:53:56+00:00","breadcrumb":{"@id":"https:\/\/kwadrat.io\/oferty-nieruchomosci\/#breadcrumb"},"inLanguage":"uk","potentialAction":[{"@type":"ReadAction","target":["https:\/\/kwadrat.io\/oferty-nieruchomosci\/"]}]},{"@type":"BreadcrumbList","@id":"https:\/\/kwadrat.io\/oferty-nieruchomosci\/#breadcrumb","itemListElement":[{"@type":"ListItem","position":1,"name":"Strona g\u0142\u00f3wna","item":"https:\/\/kwadrat.io\/"},{"@type":"ListItem","position":2,"name":"Oferty Nieruchomo\u015bci"}]},{"@type":"WebSite","@id":"https:\/\/kwadrat.io\/uk\/#website","url":"https:\/\/kwadrat.io\/uk\/","name":"Kwadrat - Nieruchomo\u015bci","description":"Biuro nieruchomo\u015bci Otwock - zwi\u0119kszamy warto\u015b\u0107 nieruchomo\u015bci","potentialAction":[{"@type":"SearchAction","target":{"@type":"EntryPoint","urlTemplate":"https:\/\/kwadrat.io\/uk\/?s={search_term_string}"},"query-input":"required name=search_term_string"}],"inLanguage":"uk"}]}},"_links":{"self":[{"href":"https:\/\/kwadrat.io\/uk\/wp-json\/wp\/v2\/pages\/3238"}],"collection":[{"href":"https:\/\/kwadrat.io\/uk\/wp-json\/wp\/v2\/pages"}],"about":[{"href":"https:\/\/kwadrat.io\/uk\/wp-json\/wp\/v2\/types\/page"}],"author":[{"embeddable":true,"href":"https:\/\/kwadrat.io\/uk\/wp-json\/wp\/v2\/users\/5"}],"replies":[{"embeddable":true,"href":"https:\/\/kwadrat.io\/uk\/wp-json\/wp\/v2\/comments?post=3238"}],"version-history":[{"count":11,"href":"https:\/\/kwadrat.io\/uk\/wp-json\/wp\/v2\/pages\/3238\/revisions"}],"predecessor-version":[{"id":3404,"href":"https:\/\/kwadrat.io\/uk\/wp-json\/wp\/v2\/pages\/3238\/revisions\/3404"}],"wp:attachment":[{"href":"https:\/\/kwadrat.io\/uk\/wp-json\/wp\/v2\/media?parent=3238"}],"curies":[{"name":"wp","href":"https:\/\/api.w.org\/{rel}","templated":true}]}}