{"id":297,"date":"2021-07-01T19:50:31","date_gmt":"2021-07-01T17:50:31","guid":{"rendered":"http:\/\/www.strona11447.asari.pl\/?page_id=297"},"modified":"2021-07-02T09:38:40","modified_gmt":"2021-07-02T07:38:40","slug":"do-zobaczenia-wkrotce","status":"publish","type":"page","link":"https:\/\/kwadrat.io\/uk\/do-zobaczenia-wkrotce\/","title":{"rendered":"Do zobaczenia wkr\u00f3tce"},"content":{"rendered":"<div data-elementor-type=\"wp-page\" data-elementor-id=\"297\" class=\"elementor elementor-297\" data-elementor-post-type=\"page\">\n\t\t\t\t\t\t<section data-particle_enable=\"false\" data-particle-mobile-disabled=\"false\" class=\"elementor-section elementor-top-section elementor-element elementor-element-d58ef61 elementor-section-height-min-height elementor-section-boxed elementor-section-height-default elementor-section-items-middle wpr-particle-no wpr-jarallax-no wpr-parallax-no wpr-sticky-section-no\" data-id=\"d58ef61\" data-element_type=\"section\">\n\t\t\t\t\t\t<div class=\"elementor-container elementor-column-gap-default\">\n\t\t\t\t\t<div class=\"elementor-column elementor-col-100 elementor-top-column elementor-element elementor-element-8ca0c1a\" data-id=\"8ca0c1a\" data-element_type=\"column\">\n\t\t\t<div class=\"elementor-widget-wrap elementor-element-populated\">\n\t\t\t\t\t\t<div class=\"elementor-element elementor-element-131ae29 elementor-widget elementor-widget-image\" data-id=\"131ae29\" data-element_type=\"widget\" data-widget_type=\"image.default\">\n\t\t\t\t<div class=\"elementor-widget-container\">\n\t\t\t<style>\/*! elementor - v3.23.0 - 05-08-2024 *\/\n.elementor-widget-image{text-align:center}.elementor-widget-image a{display:inline-block}.elementor-widget-image a img[src$=\".svg\"]{width:48px}.elementor-widget-image img{vertical-align:middle;display:inline-block}<\/style>\t\t\t\t\t\t\t\t\t\t<img decoding=\"async\" width=\"81\" height=\"81\" src=\"https:\/\/kwadrat.io\/wp-content\/uploads\/2021\/07\/Image-1.png\" class=\"attachment-large size-large wp-image-299\" alt=\"Kwadrat logo\" \/>\t\t\t\t\t\t\t\t\t\t\t\t\t<\/div>\n\t\t\t\t<\/div>\n\t\t\t\t<div class=\"elementor-element elementor-element-febdf77 elementor-widget elementor-widget-heading\" data-id=\"febdf77\" data-element_type=\"widget\" data-widget_type=\"heading.default\">\n\t\t\t\t<div class=\"elementor-widget-container\">\n\t\t\t<style>\/*! elementor - v3.23.0 - 05-08-2024 *\/\n.elementor-heading-title{padding:0;margin:0;line-height:1}.elementor-widget-heading .elementor-heading-title[class*=elementor-size-]>a{color:inherit;font-size:inherit;line-height:inherit}.elementor-widget-heading .elementor-heading-title.elementor-size-small{font-size:15px}.elementor-widget-heading .elementor-heading-title.elementor-size-medium{font-size:19px}.elementor-widget-heading .elementor-heading-title.elementor-size-large{font-size:29px}.elementor-widget-heading .elementor-heading-title.elementor-size-xl{font-size:39px}.elementor-widget-heading .elementor-heading-title.elementor-size-xxl{font-size:59px}<\/style><h2 class=\"elementor-heading-title elementor-size-default\"> work in progress<\/h2>\t\t<\/div>\n\t\t\t\t<\/div>\n\t\t\t\t<div class=\"elementor-element elementor-element-2370f1f elementor-widget elementor-widget-heading\" data-id=\"2370f1f\" data-element_type=\"widget\" data-widget_type=\"heading.default\">\n\t\t\t\t<div class=\"elementor-widget-container\">\n\t\t\t<h2 class=\"elementor-heading-title elementor-size-default\">Skontaktuj sie z nami:<br>\nbiuro@kwadrat.io<br>\n+48 789 222 461 <\/h2>\t\t<\/div>\n\t\t\t\t<\/div>\n\t\t\t\t\t<\/div>\n\t\t<\/div>\n\t\t\t\t\t<\/div>\n\t\t<\/section>\n\t\t\t\t<\/div>","protected":false},"excerpt":{"rendered":"<p>work in progress Skontaktuj sie z nami: biuro@kwadrat.io +48 789 222 461<\/p>","protected":false},"author":5,"featured_media":0,"parent":0,"menu_order":0,"comment_status":"closed","ping_status":"closed","template":"elementor_canvas","meta":{"footnotes":""},"acf":[],"yoast_head":"<!-- This site is optimized with the Yoast SEO plugin v21.5 - https:\/\/yoast.com\/wordpress\/plugins\/seo\/ -->\n<title>Do zobaczenia wkr\u00f3tce - Kwadrat - Nieruchomo\u015bci<\/title>\n<meta name=\"robots\" content=\"index, follow, max-snippet:-1, max-image-preview:large, max-video-preview:-1\" \/>\n<link rel=\"canonical\" href=\"https:\/\/kwadrat.io\/uk\/do-zobaczenia-wkrotce\/\" \/>\n<meta property=\"og:locale\" content=\"uk_UA\" \/>\n<meta property=\"og:type\" content=\"article\" \/>\n<meta property=\"og:title\" content=\"Do zobaczenia wkr\u00f3tce - Kwadrat - Nieruchomo\u015bci\" \/>\n<meta property=\"og:description\" content=\"work in progress Skontaktuj sie z nami: biuro@kwadrat.io +48 789 222 461\" \/>\n<meta property=\"og:url\" content=\"https:\/\/kwadrat.io\/uk\/do-zobaczenia-wkrotce\/\" \/>\n<meta property=\"og:site_name\" content=\"Kwadrat - Nieruchomo\u015bci\" \/>\n<meta property=\"article:modified_time\" content=\"2021-07-02T07:38:40+00:00\" \/>\n<meta property=\"og:image\" content=\"http:\/\/www.strona11447.asari.pl\/kwadratasari\/wp-content\/uploads\/2021\/07\/Image-1.png\" \/>\n<meta name=\"twitter:card\" content=\"summary_large_image\" \/>\n<script type=\"application\/ld+json\" class=\"yoast-schema-graph\">{\"@context\":\"https:\/\/schema.org\",\"@graph\":[{\"@type\":\"WebPage\",\"@id\":\"https:\/\/kwadrat.io\/do-zobaczenia-wkrotce\/\",\"url\":\"https:\/\/kwadrat.io\/do-zobaczenia-wkrotce\/\",\"name\":\"Do zobaczenia wkr\u00f3tce - Kwadrat - Nieruchomo\u015bci\",\"isPartOf\":{\"@id\":\"https:\/\/kwadrat.io\/uk\/#website\"},\"datePublished\":\"2021-07-01T17:50:31+00:00\",\"dateModified\":\"2021-07-02T07:38:40+00:00\",\"breadcrumb\":{\"@id\":\"https:\/\/kwadrat.io\/do-zobaczenia-wkrotce\/#breadcrumb\"},\"inLanguage\":\"uk\",\"potentialAction\":[{\"@type\":\"ReadAction\",\"target\":[\"https:\/\/kwadrat.io\/do-zobaczenia-wkrotce\/\"]}]},{\"@type\":\"BreadcrumbList\",\"@id\":\"https:\/\/kwadrat.io\/do-zobaczenia-wkrotce\/#breadcrumb\",\"itemListElement\":[{\"@type\":\"ListItem\",\"position\":1,\"name\":\"Strona g\u0142\u00f3wna\",\"item\":\"https:\/\/kwadrat.io\/\"},{\"@type\":\"ListItem\",\"position\":2,\"name\":\"Do zobaczenia wkr\u00f3tce\"}]},{\"@type\":\"WebSite\",\"@id\":\"https:\/\/kwadrat.io\/uk\/#website\",\"url\":\"https:\/\/kwadrat.io\/uk\/\",\"name\":\"Kwadrat - Nieruchomo\u015bci\",\"description\":\"Biuro nieruchomo\u015bci Otwock - zwi\u0119kszamy warto\u015b\u0107 nieruchomo\u015bci\",\"potentialAction\":[{\"@type\":\"SearchAction\",\"target\":{\"@type\":\"EntryPoint\",\"urlTemplate\":\"https:\/\/kwadrat.io\/uk\/?s={search_term_string}\"},\"query-input\":\"required name=search_term_string\"}],\"inLanguage\":\"uk\"}]}<\/script>\n<!-- \/ Yoast SEO plugin. -->","yoast_head_json":{"title":"Do zobaczenia wkr\u00f3tce - Kwadrat - Nieruchomo\u015bci","robots":{"index":"index","follow":"follow","max-snippet":"max-snippet:-1","max-image-preview":"max-image-preview:large","max-video-preview":"max-video-preview:-1"},"canonical":"https:\/\/kwadrat.io\/uk\/do-zobaczenia-wkrotce\/","og_locale":"uk_UA","og_type":"article","og_title":"Do zobaczenia wkr\u00f3tce - Kwadrat - Nieruchomo\u015bci","og_description":"work in progress Skontaktuj sie z nami: biuro@kwadrat.io +48 789 222 461","og_url":"https:\/\/kwadrat.io\/uk\/do-zobaczenia-wkrotce\/","og_site_name":"Kwadrat - Nieruchomo\u015bci","article_modified_time":"2021-07-02T07:38:40+00:00","og_image":[{"url":"http:\/\/www.strona11447.asari.pl\/kwadratasari\/wp-content\/uploads\/2021\/07\/Image-1.png"}],"twitter_card":"summary_large_image","schema":{"@context":"https:\/\/schema.org","@graph":[{"@type":"WebPage","@id":"https:\/\/kwadrat.io\/do-zobaczenia-wkrotce\/","url":"https:\/\/kwadrat.io\/do-zobaczenia-wkrotce\/","name":"Do zobaczenia wkr\u00f3tce - Kwadrat - Nieruchomo\u015bci","isPartOf":{"@id":"https:\/\/kwadrat.io\/uk\/#website"},"datePublished":"2021-07-01T17:50:31+00:00","dateModified":"2021-07-02T07:38:40+00:00","breadcrumb":{"@id":"https:\/\/kwadrat.io\/do-zobaczenia-wkrotce\/#breadcrumb"},"inLanguage":"uk","potentialAction":[{"@type":"ReadAction","target":["https:\/\/kwadrat.io\/do-zobaczenia-wkrotce\/"]}]},{"@type":"BreadcrumbList","@id":"https:\/\/kwadrat.io\/do-zobaczenia-wkrotce\/#breadcrumb","itemListElement":[{"@type":"ListItem","position":1,"name":"Strona g\u0142\u00f3wna","item":"https:\/\/kwadrat.io\/"},{"@type":"ListItem","position":2,"name":"Do zobaczenia wkr\u00f3tce"}]},{"@type":"WebSite","@id":"https:\/\/kwadrat.io\/uk\/#website","url":"https:\/\/kwadrat.io\/uk\/","name":"Kwadrat - Nieruchomo\u015bci","description":"Biuro nieruchomo\u015bci Otwock - zwi\u0119kszamy warto\u015b\u0107 nieruchomo\u015bci","potentialAction":[{"@type":"SearchAction","target":{"@type":"EntryPoint","urlTemplate":"https:\/\/kwadrat.io\/uk\/?s={search_term_string}"},"query-input":"required name=search_term_string"}],"inLanguage":"uk"}]}},"_links":{"self":[{"href":"https:\/\/kwadrat.io\/uk\/wp-json\/wp\/v2\/pages\/297"}],"collection":[{"href":"https:\/\/kwadrat.io\/uk\/wp-json\/wp\/v2\/pages"}],"about":[{"href":"https:\/\/kwadrat.io\/uk\/wp-json\/wp\/v2\/types\/page"}],"author":[{"embeddable":true,"href":"https:\/\/kwadrat.io\/uk\/wp-json\/wp\/v2\/users\/5"}],"replies":[{"embeddable":true,"href":"https:\/\/kwadrat.io\/uk\/wp-json\/wp\/v2\/comments?post=297"}],"version-history":[{"count":10,"href":"https:\/\/kwadrat.io\/uk\/wp-json\/wp\/v2\/pages\/297\/revisions"}],"predecessor-version":[{"id":308,"href":"https:\/\/kwadrat.io\/uk\/wp-json\/wp\/v2\/pages\/297\/revisions\/308"}],"wp:attachment":[{"href":"https:\/\/kwadrat.io\/uk\/wp-json\/wp\/v2\/media?parent=297"}],"curies":[{"name":"wp","href":"https:\/\/api.w.org\/{rel}","templated":true}]}}